{"id":5,"date":"2019-08-30T10:08:32","date_gmt":"2019-08-30T08:08:32","guid":{"rendered":"http:\/\/zwillingsfarben.de\/?page_id=5"},"modified":"2022-04-24T11:03:46","modified_gmt":"2022-04-24T09:03:46","slug":"about","status":"publish","type":"page","link":"https:\/\/zwillingsfarben.de\/index.php\/about\/","title":{"rendered":"about"},"content":{"rendered":"\n<blockquote class=\"wp-block-quote is-layout-flow wp-block-quote-is-layout-flow\"><p>Danke f\u00fcr die Tragik.<br>Ich brauche sie f\u00fcr meine Kunst.<br><\/p><cite>Kurt Cobain<\/cite><\/blockquote>\n\n\n\n<p>\u2026 denn Musik und ihre Texte, Dramatik und Komik, Begegnungen und Verluste, Dialoge und Differenzen erzeugen Emotionen. <br> Farben mischen, der Geruch von Farben und Lacken, schraffieren und verwischen sind Emotionen.<br> In meinen Zeichnungen spiegeln sich all diese Dinge wohl am ehesten wieder, aber auch in meinen Leinw\u00e4nden steckt immer etwas von mir selbst.<\/p>\n\n\n\n<p>Und wer bin ich? Sabine Heitzmann, oder eben einfach nur die Bine. Augenoptikerin, Mutter eines erwachsenen Sohnes und Hobbyk\u00fcnstlerin.<\/p>\n\n\n\n<p>Pablo Picasso sagte einmal: \u201eIch male die Dinge wie ich sie denke, nicht wie ich sie sehe\u201c, das trifft auf meine Kreativit\u00e4t wohl auch zu. Ich f\u00fchle sie. Ein guter Songtext und in meinem Kopf ist ein Bild. Eine bewegende Unterhaltung und ich wei\u00df, wo welche Farbe platziert wird. Weil es sich nur so richtig anf\u00fchlt.<\/p>\n\n\n\n<p>Sch\u00f6n, dass du hier auf meinem Blog bist und vielleicht spricht auch dich das ein oder andere Bild an. Eine meiner Bleistift,- Kohlezeichnungen, oder eine meiner Pop Art &#8211; Interpretationen, die von Thomas Fedro inspiriert sind.<\/p>\n\n\n\n<p>Und da auch das geschriebene Wort sehr treffend sein kann, ende ich mit einem Zitat von Casper:<br> \u201eWir malen uns die Welt kuntergrau dunkelbunt\u201c.<\/p>\n","protected":false},"excerpt":{"rendered":"<p>Danke f\u00fcr die Tragik.Ich brauche sie f\u00fcr meine Kunst. Kurt Cobain \u2026 denn Musik und ihre Texte, Dramatik und Komik,&hellip;<\/p>\n","protected":false},"author":1,"featured_media":0,"parent":0,"menu_order":0,"comment_status":"closed","ping_status":"closed","template":"","meta":{"ngg_post_thumbnail":0,"footnotes":""},"class_list":["post-5","page","type-page","status-publish","hentry"],"_links":{"self":[{"href":"https:\/\/zwillingsfarben.de\/index.php\/wp-json\/wp\/v2\/pages\/5","targetHints":{"allow":["GET"]}}],"collection":[{"href":"https:\/\/zwillingsfarben.de\/index.php\/wp-json\/wp\/v2\/pages"}],"about":[{"href":"https:\/\/zwillingsfarben.de\/index.php\/wp-json\/wp\/v2\/types\/page"}],"author":[{"embeddable":true,"href":"https:\/\/zwillingsfarben.de\/index.php\/wp-json\/wp\/v2\/users\/1"}],"replies":[{"embeddable":true,"href":"https:\/\/zwillingsfarben.de\/index.php\/wp-json\/wp\/v2\/comments?post=5"}],"version-history":[{"count":6,"href":"https:\/\/zwillingsfarben.de\/index.php\/wp-json\/wp\/v2\/pages\/5\/revisions"}],"predecessor-version":[{"id":463,"href":"https:\/\/zwillingsfarben.de\/index.php\/wp-json\/wp\/v2\/pages\/5\/revisions\/463"}],"wp:attachment":[{"href":"https:\/\/zwillingsfarben.de\/index.php\/wp-json\/wp\/v2\/media?parent=5"}],"curies":[{"name":"wp","href":"https:\/\/api.w.org\/{rel}","templated":true}]}}