{"id":120,"date":"2019-09-04T21:39:49","date_gmt":"2019-09-04T19:39:49","guid":{"rendered":"http:\/\/zwillingsfarben.de\/?page_id=120"},"modified":"2019-09-06T11:32:16","modified_gmt":"2019-09-06T09:32:16","slug":"zitate","status":"publish","type":"page","link":"https:\/\/zwillingsfarben.de\/index.php\/zitate\/","title":{"rendered":"mehr zitate"},"content":{"rendered":"\n<blockquote class=\"wp-block-quote is-layout-flow wp-block-quote-is-layout-flow\"><p>Modelle sollten sich bem\u00fchen,<\/p><p>dem Portr\u00e4t \u00e4hnlich zu sehen<\/p><cite>Salvador Dali<\/cite><\/blockquote>\n\n\n\n<blockquote class=\"wp-block-quote is-layout-flow wp-block-quote-is-layout-flow\"><p><\/p><\/blockquote>\n\n\n\n<blockquote class=\"wp-block-quote is-layout-flow wp-block-quote-is-layout-flow\"><p>Wenn alles nur grau ist,<\/p><p>ist selbst schwarz eine Farbe<\/p><cite>Anke Maggauer-Kirsche<\/cite><\/blockquote>\n\n\n\n<blockquote class=\"wp-block-quote is-layout-flow wp-block-quote-is-layout-flow\"><p>Verbiet uns den Mund,<\/p><p>aber Farben k\u00f6nnen reden<\/p><cite>KontraK<\/cite><\/blockquote>\n\n\n\n<blockquote class=\"wp-block-quote is-layout-flow wp-block-quote-is-layout-flow\"><p>malen hei\u00dft nicht Formen f\u00e4rben,<\/p><p>sondern Farben formen<\/p><cite>unbekannt<\/cite><\/blockquote>\n\n\n\n<blockquote class=\"wp-block-quote is-layout-flow wp-block-quote-is-layout-flow\"><p>Es braucht keine Farbe,<\/p><p>um schwarz zu malen<\/p><cite>Stefan Wittlin<\/cite><\/blockquote>\n\n\n\n<blockquote class=\"wp-block-quote is-layout-flow wp-block-quote-is-layout-flow\"><p>Was n\u00fctzen mir die Farben,<\/p><p>wenn ich nicht wei\u00df, was ich malen soll?<\/p><cite>Michel de Montaigne<\/cite><\/blockquote>\n\n\n\n<blockquote class=\"wp-block-quote is-layout-flow wp-block-quote-is-layout-flow\"><p>Die Farben haben ein bemerkenswertes Eigenleben<\/p><p>sobald sie auf der Leinwand aufgemalt wurden<\/p><p><\/p><cite>Edvard Munch<\/cite><\/blockquote>\n\n\n\n<blockquote class=\"wp-block-quote is-layout-flow wp-block-quote-is-layout-flow\"><p>Wer schwarz-wei\u00df denkt,<\/p><p>dem graut vor Zwischent\u00f6nen<\/p><cite>J\u00fcrgen Wilbert<\/cite><\/blockquote>\n\n\n\n<blockquote class=\"wp-block-quote is-layout-flow wp-block-quote-is-layout-flow\"><p>Eines Tages, als einer von uns keine schwarze Farbe mehr hatte, verwendete er blau. Der Impressionismus war geboren<\/p><cite>Auguste Renoir<\/cite><\/blockquote>\n\n\n\n<blockquote class=\"wp-block-quote is-layout-flow wp-block-quote-is-layout-flow\"><p>Kreativit\u00e4t: der nat\u00fcrliche Feind der Langeweile.<\/p><p>Nichts f\u00fcrchtet sie mehr<\/p><cite>Peter Rudi<\/cite><\/blockquote>\n\n\n\n<blockquote class=\"wp-block-quote is-layout-flow wp-block-quote-is-layout-flow\"><p>Kreativit\u00e4t ist angeblich ansteckend,<\/p><p>aber nur wenige wissen, da\u00df sie auch anstrengend ist<\/p><cite>Wolfgang J. Reus<\/cite><\/blockquote>\n","protected":false},"excerpt":{"rendered":"<p>Modelle sollten sich bem\u00fchen, dem Portr\u00e4t \u00e4hnlich zu sehen Salvador Dali Wenn alles nur grau ist, ist selbst schwarz eine&hellip;<\/p>\n","protected":false},"author":2,"featured_media":0,"parent":0,"menu_order":0,"comment_status":"closed","ping_status":"closed","template":"","meta":{"ngg_post_thumbnail":0,"footnotes":""},"class_list":["post-120","page","type-page","status-publish","hentry"],"_links":{"self":[{"href":"https:\/\/zwillingsfarben.de\/index.php\/wp-json\/wp\/v2\/pages\/120","targetHints":{"allow":["GET"]}}],"collection":[{"href":"https:\/\/zwillingsfarben.de\/index.php\/wp-json\/wp\/v2\/pages"}],"about":[{"href":"https:\/\/zwillingsfarben.de\/index.php\/wp-json\/wp\/v2\/types\/page"}],"author":[{"embeddable":true,"href":"https:\/\/zwillingsfarben.de\/index.php\/wp-json\/wp\/v2\/users\/2"}],"replies":[{"embeddable":true,"href":"https:\/\/zwillingsfarben.de\/index.php\/wp-json\/wp\/v2\/comments?post=120"}],"version-history":[{"count":16,"href":"https:\/\/zwillingsfarben.de\/index.php\/wp-json\/wp\/v2\/pages\/120\/revisions"}],"predecessor-version":[{"id":170,"href":"https:\/\/zwillingsfarben.de\/index.php\/wp-json\/wp\/v2\/pages\/120\/revisions\/170"}],"wp:attachment":[{"href":"https:\/\/zwillingsfarben.de\/index.php\/wp-json\/wp\/v2\/media?parent=120"}],"curies":[{"name":"wp","href":"https:\/\/api.w.org\/{rel}","templated":true}]}}